{"id":7160,"date":"2020-11-16T11:16:33","date_gmt":"2020-11-16T11:16:33","guid":{"rendered":"https:\/\/retouchteam.com\/movie-specials\/"},"modified":"2020-12-09T16:08:45","modified_gmt":"2020-12-09T16:08:45","slug":"especiales-peliculas","status":"publish","type":"page","link":"https:\/\/retouchteam.com\/es\/especiales-peliculas\/","title":{"rendered":"Especiales pel\u00edculas"},"content":{"rendered":"<div class=\"wpb-content-wrapper\"><p>[vc_row][vc_column]<div class = \"edgtf-portfolio-list-holder-outer edgtf-ptf-pinterest-thick edgtf-ptf-small-space edgtf-ptf-hover-strikethrough edgtf-ptf-pinterest-three-columns\" data-next-page= \"2\" data-type= \"pinterest-thick\" data-columns= \"3\" data-grid-size= \"three\" data-order-by= \"date\" data-order= \"ASC\" data-number= \"-1\" data-image-size= \"full\" data-hover-type= \"strikethrough\" data-filter= \"no\" data-filter-order-by= \"name\" data-category= \"movie-specials\" data-show-more= \"none\" data-title-tag= \"h2\" data-max-num-pages = 0><div class = \"edgtf-portfolio-list-holder clearfix\" ><div class=\"edgtf-portfolio-list-masonry-grid-sizer\"><\/div><div class=\"edgtf-portfolio-list-masonry-grid-gutter\"><\/div><article class=\"edgtf-portfolio-item portfolio_category_102\" >\n\t<div class=\"edgtf-portfolio-item-inner\">\n\t\t<a class =\"edgtf-portfolio-link\" href=\"https:\/\/retouchteam.com\/es\/retoque-high-end\/especiales-peliculas\/free-fire\/\"><\/a>\n\t\t<div class = \"edgtf-item-image-holder\">\n\t\t\t<div class=\"edgtf-item-image-holder-inner\">\n\t\t\t\t<img loading=\"lazy\" decoding=\"async\" width=\"800\" height=\"1204\" src=\"https:\/\/retouchteam.com\/wp-content\/uploads\/2020\/11\/Free-Fire-WW-6690-copy_FEATURED.jpg\" class=\"attachment-full size-full wp-post-image\" alt=\"\" srcset=\"https:\/\/retouchteam.com\/wp-content\/uploads\/2020\/11\/Free-Fire-WW-6690-copy_FEATURED.jpg 800w, https:\/\/retouchteam.com\/wp-content\/uploads\/2020\/11\/Free-Fire-WW-6690-copy_FEATURED-199x300.jpg 199w, https:\/\/retouchteam.com\/wp-content\/uploads\/2020\/11\/Free-Fire-WW-6690-copy_FEATURED-680x1024.jpg 680w, https:\/\/retouchteam.com\/wp-content\/uploads\/2020\/11\/Free-Fire-WW-6690-copy_FEATURED-768x1156.jpg 768w\" sizes=\"auto, (max-width: 800px) 100vw, 800px\" \/>\t\t\t<\/div>\n\t\t<\/div>\n\t\t<div class=\"edgtf-item-text-overlay\">\n\t\t\t<div class=\"edgtf-item-text-overlay-inner\">\n\t\t\t\t<div class=\"edgtf-item-text-holder\">\n\t<div class=\"edgtf-item-title-cat-holder\">\n\t\t<h2 class=\"edgtf-item-title\">\n\t\t\t<a class =\"edgtf-portfolio-title-link\" href=\"https:\/\/retouchteam.com\/es\/retoque-high-end\/especiales-peliculas\/free-fire\/\">\n\t\t\t\tFree Fire\t\t\t<\/a>\n\t\t<\/h2>\n\t\t<div class=\"edgtf-ptf-category-holder\"><span>- <\/span><span>Especiales pel\u00edculas<\/span><\/div>\t<\/div>\n<\/div>\t\t\t<\/div>\t\n\t\t<\/div>\n\t<\/div>\n<\/article>\n<article class=\"edgtf-portfolio-item portfolio_category_102\" >\n\t<div class=\"edgtf-portfolio-item-inner\">\n\t\t<a class =\"edgtf-portfolio-link\" href=\"https:\/\/retouchteam.com\/es\/retoque-high-end\/especiales-peliculas\/silence\/\"><\/a>\n\t\t<div class = \"edgtf-item-image-holder\">\n\t\t\t<div class=\"edgtf-item-image-holder-inner\">\n\t\t\t\t<img loading=\"lazy\" decoding=\"async\" width=\"800\" height=\"1204\" src=\"https:\/\/retouchteam.com\/wp-content\/uploads\/2020\/11\/Silence-WW-0778-copy_FEATURED.jpg\" class=\"attachment-full size-full wp-post-image\" alt=\"\" srcset=\"https:\/\/retouchteam.com\/wp-content\/uploads\/2020\/11\/Silence-WW-0778-copy_FEATURED.jpg 800w, https:\/\/retouchteam.com\/wp-content\/uploads\/2020\/11\/Silence-WW-0778-copy_FEATURED-199x300.jpg 199w, https:\/\/retouchteam.com\/wp-content\/uploads\/2020\/11\/Silence-WW-0778-copy_FEATURED-680x1024.jpg 680w, https:\/\/retouchteam.com\/wp-content\/uploads\/2020\/11\/Silence-WW-0778-copy_FEATURED-768x1156.jpg 768w\" sizes=\"auto, (max-width: 800px) 100vw, 800px\" \/>\t\t\t<\/div>\n\t\t<\/div>\n\t\t<div class=\"edgtf-item-text-overlay\">\n\t\t\t<div class=\"edgtf-item-text-overlay-inner\">\n\t\t\t\t<div class=\"edgtf-item-text-holder\">\n\t<div class=\"edgtf-item-title-cat-holder\">\n\t\t<h2 class=\"edgtf-item-title\">\n\t\t\t<a class =\"edgtf-portfolio-title-link\" href=\"https:\/\/retouchteam.com\/es\/retoque-high-end\/especiales-peliculas\/silence\/\">\n\t\t\t\tSilence\t\t\t<\/a>\n\t\t<\/h2>\n\t\t<div class=\"edgtf-ptf-category-holder\"><span>- <\/span><span>Especiales pel\u00edculas<\/span><\/div>\t<\/div>\n<\/div>\t\t\t<\/div>\t\n\t\t<\/div>\n\t<\/div>\n<\/article>\n<article class=\"edgtf-portfolio-item portfolio_category_102\" >\n\t<div class=\"edgtf-portfolio-item-inner\">\n\t\t<a class =\"edgtf-portfolio-link\" href=\"https:\/\/retouchteam.com\/es\/retoque-high-end\/especiales-peliculas\/terminator-dark-fate\/\"><\/a>\n\t\t<div class = \"edgtf-item-image-holder\">\n\t\t\t<div class=\"edgtf-item-image-holder-inner\">\n\t\t\t\t<img loading=\"lazy\" decoding=\"async\" width=\"1204\" height=\"800\" src=\"https:\/\/retouchteam.com\/wp-content\/uploads\/2020\/11\/terminator6_first_look_image_2.jpg\" class=\"attachment-full size-full wp-post-image\" alt=\"\" srcset=\"https:\/\/retouchteam.com\/wp-content\/uploads\/2020\/11\/terminator6_first_look_image_2.jpg 1204w, https:\/\/retouchteam.com\/wp-content\/uploads\/2020\/11\/terminator6_first_look_image_2-300x199.jpg 300w, https:\/\/retouchteam.com\/wp-content\/uploads\/2020\/11\/terminator6_first_look_image_2-1024x680.jpg 1024w, https:\/\/retouchteam.com\/wp-content\/uploads\/2020\/11\/terminator6_first_look_image_2-768x510.jpg 768w\" sizes=\"auto, (max-width: 1204px) 100vw, 1204px\" \/>\t\t\t<\/div>\n\t\t<\/div>\n\t\t<div class=\"edgtf-item-text-overlay\">\n\t\t\t<div class=\"edgtf-item-text-overlay-inner\">\n\t\t\t\t<div class=\"edgtf-item-text-holder\">\n\t<div class=\"edgtf-item-title-cat-holder\">\n\t\t<h2 class=\"edgtf-item-title\">\n\t\t\t<a class =\"edgtf-portfolio-title-link\" href=\"https:\/\/retouchteam.com\/es\/retoque-high-end\/especiales-peliculas\/terminator-dark-fate\/\">\n\t\t\t\tTerminator Dark Fate\t\t\t<\/a>\n\t\t<\/h2>\n\t\t<div class=\"edgtf-ptf-category-holder\"><span>- <\/span><span>Especiales pel\u00edculas<\/span><\/div>\t<\/div>\n<\/div>\t\t\t<\/div>\t\n\t\t<\/div>\n\t<\/div>\n<\/article>\n<article class=\"edgtf-portfolio-item portfolio_category_102\" >\n\t<div class=\"edgtf-portfolio-item-inner\">\n\t\t<a class =\"edgtf-portfolio-link\" href=\"https:\/\/retouchteam.com\/es\/retoque-high-end\/especiales-peliculas\/rock-the-kasbah\/\"><\/a>\n\t\t<div class = \"edgtf-item-image-holder\">\n\t\t\t<div class=\"edgtf-item-image-holder-inner\">\n\t\t\t\t<img loading=\"lazy\" decoding=\"async\" width=\"800\" height=\"1204\" src=\"https:\/\/retouchteam.com\/wp-content\/uploads\/2020\/11\/RTK-WW-00437_grey_FEATURED.jpg\" class=\"attachment-full size-full wp-post-image\" alt=\"\" srcset=\"https:\/\/retouchteam.com\/wp-content\/uploads\/2020\/11\/RTK-WW-00437_grey_FEATURED.jpg 800w, https:\/\/retouchteam.com\/wp-content\/uploads\/2020\/11\/RTK-WW-00437_grey_FEATURED-199x300.jpg 199w, https:\/\/retouchteam.com\/wp-content\/uploads\/2020\/11\/RTK-WW-00437_grey_FEATURED-680x1024.jpg 680w, https:\/\/retouchteam.com\/wp-content\/uploads\/2020\/11\/RTK-WW-00437_grey_FEATURED-768x1156.jpg 768w\" sizes=\"auto, (max-width: 800px) 100vw, 800px\" \/>\t\t\t<\/div>\n\t\t<\/div>\n\t\t<div class=\"edgtf-item-text-overlay\">\n\t\t\t<div class=\"edgtf-item-text-overlay-inner\">\n\t\t\t\t<div class=\"edgtf-item-text-holder\">\n\t<div class=\"edgtf-item-title-cat-holder\">\n\t\t<h2 class=\"edgtf-item-title\">\n\t\t\t<a class =\"edgtf-portfolio-title-link\" href=\"https:\/\/retouchteam.com\/es\/retoque-high-end\/especiales-peliculas\/rock-the-kasbah\/\">\n\t\t\t\tRock the Kasbah\t\t\t<\/a>\n\t\t<\/h2>\n\t\t<div class=\"edgtf-ptf-category-holder\"><span>- <\/span><span>Especiales pel\u00edculas<\/span><\/div>\t<\/div>\n<\/div>\t\t\t<\/div>\t\n\t\t<\/div>\n\t<\/div>\n<\/article>\n<\/div><\/div>[\/vc_column][\/vc_row]<\/p>\n<\/div>","protected":false},"excerpt":{"rendered":"<p>[vc_row][vc_column][\/vc_column][\/vc_row]<\/p>\n","protected":false},"author":2,"featured_media":0,"parent":0,"menu_order":0,"comment_status":"closed","ping_status":"closed","template":"","meta":{"footnotes":""},"class_list":["post-7160","page","type-page","status-publish","hentry"],"yoast_head":"<!-- This site is optimized with the Yoast SEO plugin v27.1.1 - https:\/\/yoast.com\/product\/yoast-seo-wordpress\/ -->\n<title>Retoque de Fotograf\u00eda especial para Pel\u00edculas y Cine | Retouch Team<\/title>\n<meta name=\"description\" content=\"Servicios de retoque de fotograf\u00eda especial para pel\u00edculas realizados por Retouch Team en Londres y en remoto. \u00a1Nuestro portfolio de retoque para cine!\" \/>\n<meta name=\"robots\" content=\"index, follow, max-snippet:-1, max-image-preview:large, max-video-preview:-1\" \/>\n<link rel=\"canonical\" href=\"https:\/\/retouchteam.com\/es\/especiales-peliculas\/\" \/>\n<meta property=\"og:locale\" content=\"es_ES\" \/>\n<meta property=\"og:type\" content=\"article\" \/>\n<meta property=\"og:title\" content=\"Retoque de Fotograf\u00eda especial para Pel\u00edculas y Cine | Retouch Team\" \/>\n<meta property=\"og:description\" content=\"Servicios de retoque de fotograf\u00eda especial para pel\u00edculas realizados por Retouch Team en Londres y en remoto. \u00a1Nuestro portfolio de retoque para cine!\" \/>\n<meta property=\"og:url\" content=\"https:\/\/retouchteam.com\/es\/especiales-peliculas\/\" \/>\n<meta property=\"og:site_name\" content=\"RetouchTeam\" \/>\n<meta property=\"article:modified_time\" content=\"2020-12-09T16:08:45+00:00\" \/>\n<meta name=\"twitter:card\" content=\"summary_large_image\" \/>\n<script type=\"application\/ld+json\" class=\"yoast-schema-graph\">{\"@context\":\"https:\/\/schema.org\",\"@graph\":[{\"@type\":\"WebPage\",\"@id\":\"https:\/\/retouchteam.com\/es\/especiales-peliculas\/\",\"url\":\"https:\/\/retouchteam.com\/es\/especiales-peliculas\/\",\"name\":\"Retoque de Fotograf\u00eda especial para Pel\u00edculas y Cine | Retouch Team\",\"isPartOf\":{\"@id\":\"https:\/\/retouchteam.com\/#website\"},\"datePublished\":\"2020-11-16T11:16:33+00:00\",\"dateModified\":\"2020-12-09T16:08:45+00:00\",\"description\":\"Servicios de retoque de fotograf\u00eda especial para pel\u00edculas realizados por Retouch Team en Londres y en remoto. \u00a1Nuestro portfolio de retoque para cine!\",\"breadcrumb\":{\"@id\":\"https:\/\/retouchteam.com\/es\/especiales-peliculas\/#breadcrumb\"},\"inLanguage\":\"es\",\"potentialAction\":[{\"@type\":\"ReadAction\",\"target\":[\"https:\/\/retouchteam.com\/es\/especiales-peliculas\/\"]}]},{\"@type\":\"BreadcrumbList\",\"@id\":\"https:\/\/retouchteam.com\/es\/especiales-peliculas\/#breadcrumb\",\"itemListElement\":[{\"@type\":\"ListItem\",\"position\":1,\"name\":\"Portada\",\"item\":\"https:\/\/retouchteam.com\/es\/\"},{\"@type\":\"ListItem\",\"position\":2,\"name\":\"Especiales pel\u00edculas\"}]},{\"@type\":\"WebSite\",\"@id\":\"https:\/\/retouchteam.com\/#website\",\"url\":\"https:\/\/retouchteam.com\/\",\"name\":\"RetouchTeam\",\"description\":\"Postproduction Services\",\"publisher\":{\"@id\":\"https:\/\/retouchteam.com\/#organization\"},\"potentialAction\":[{\"@type\":\"SearchAction\",\"target\":{\"@type\":\"EntryPoint\",\"urlTemplate\":\"https:\/\/retouchteam.com\/?s={search_term_string}\"},\"query-input\":{\"@type\":\"PropertyValueSpecification\",\"valueRequired\":true,\"valueName\":\"search_term_string\"}}],\"inLanguage\":\"es\"},{\"@type\":\"Organization\",\"@id\":\"https:\/\/retouchteam.com\/#organization\",\"name\":\"Retouch Team\",\"url\":\"https:\/\/retouchteam.com\/\",\"logo\":{\"@type\":\"ImageObject\",\"inLanguage\":\"es\",\"@id\":\"https:\/\/retouchteam.com\/#\/schema\/logo\/image\/\",\"url\":\"https:\/\/retouchteam.com\/wp-content\/uploads\/2020\/11\/favicon.png\",\"contentUrl\":\"https:\/\/retouchteam.com\/wp-content\/uploads\/2020\/11\/favicon.png\",\"width\":512,\"height\":512,\"caption\":\"Retouch Team\"},\"image\":{\"@id\":\"https:\/\/retouchteam.com\/#\/schema\/logo\/image\/\"}}]}<\/script>\n<!-- \/ Yoast SEO plugin. -->","yoast_head_json":{"title":"Retoque de Fotograf\u00eda especial para Pel\u00edculas y Cine | Retouch Team","description":"Servicios de retoque de fotograf\u00eda especial para pel\u00edculas realizados por Retouch Team en Londres y en remoto. \u00a1Nuestro portfolio de retoque para cine!","robots":{"index":"index","follow":"follow","max-snippet":"max-snippet:-1","max-image-preview":"max-image-preview:large","max-video-preview":"max-video-preview:-1"},"canonical":"https:\/\/retouchteam.com\/es\/especiales-peliculas\/","og_locale":"es_ES","og_type":"article","og_title":"Retoque de Fotograf\u00eda especial para Pel\u00edculas y Cine | Retouch Team","og_description":"Servicios de retoque de fotograf\u00eda especial para pel\u00edculas realizados por Retouch Team en Londres y en remoto. \u00a1Nuestro portfolio de retoque para cine!","og_url":"https:\/\/retouchteam.com\/es\/especiales-peliculas\/","og_site_name":"RetouchTeam","article_modified_time":"2020-12-09T16:08:45+00:00","twitter_card":"summary_large_image","schema":{"@context":"https:\/\/schema.org","@graph":[{"@type":"WebPage","@id":"https:\/\/retouchteam.com\/es\/especiales-peliculas\/","url":"https:\/\/retouchteam.com\/es\/especiales-peliculas\/","name":"Retoque de Fotograf\u00eda especial para Pel\u00edculas y Cine | Retouch Team","isPartOf":{"@id":"https:\/\/retouchteam.com\/#website"},"datePublished":"2020-11-16T11:16:33+00:00","dateModified":"2020-12-09T16:08:45+00:00","description":"Servicios de retoque de fotograf\u00eda especial para pel\u00edculas realizados por Retouch Team en Londres y en remoto. \u00a1Nuestro portfolio de retoque para cine!","breadcrumb":{"@id":"https:\/\/retouchteam.com\/es\/especiales-peliculas\/#breadcrumb"},"inLanguage":"es","potentialAction":[{"@type":"ReadAction","target":["https:\/\/retouchteam.com\/es\/especiales-peliculas\/"]}]},{"@type":"BreadcrumbList","@id":"https:\/\/retouchteam.com\/es\/especiales-peliculas\/#breadcrumb","itemListElement":[{"@type":"ListItem","position":1,"name":"Portada","item":"https:\/\/retouchteam.com\/es\/"},{"@type":"ListItem","position":2,"name":"Especiales pel\u00edculas"}]},{"@type":"WebSite","@id":"https:\/\/retouchteam.com\/#website","url":"https:\/\/retouchteam.com\/","name":"RetouchTeam","description":"Postproduction Services","publisher":{"@id":"https:\/\/retouchteam.com\/#organization"},"potentialAction":[{"@type":"SearchAction","target":{"@type":"EntryPoint","urlTemplate":"https:\/\/retouchteam.com\/?s={search_term_string}"},"query-input":{"@type":"PropertyValueSpecification","valueRequired":true,"valueName":"search_term_string"}}],"inLanguage":"es"},{"@type":"Organization","@id":"https:\/\/retouchteam.com\/#organization","name":"Retouch Team","url":"https:\/\/retouchteam.com\/","logo":{"@type":"ImageObject","inLanguage":"es","@id":"https:\/\/retouchteam.com\/#\/schema\/logo\/image\/","url":"https:\/\/retouchteam.com\/wp-content\/uploads\/2020\/11\/favicon.png","contentUrl":"https:\/\/retouchteam.com\/wp-content\/uploads\/2020\/11\/favicon.png","width":512,"height":512,"caption":"Retouch Team"},"image":{"@id":"https:\/\/retouchteam.com\/#\/schema\/logo\/image\/"}}]}},"_links":{"self":[{"href":"https:\/\/retouchteam.com\/es\/wp-json\/wp\/v2\/pages\/7160","targetHints":{"allow":["GET"]}}],"collection":[{"href":"https:\/\/retouchteam.com\/es\/wp-json\/wp\/v2\/pages"}],"about":[{"href":"https:\/\/retouchteam.com\/es\/wp-json\/wp\/v2\/types\/page"}],"author":[{"embeddable":true,"href":"https:\/\/retouchteam.com\/es\/wp-json\/wp\/v2\/users\/2"}],"replies":[{"embeddable":true,"href":"https:\/\/retouchteam.com\/es\/wp-json\/wp\/v2\/comments?post=7160"}],"version-history":[{"count":4,"href":"https:\/\/retouchteam.com\/es\/wp-json\/wp\/v2\/pages\/7160\/revisions"}],"predecessor-version":[{"id":7274,"href":"https:\/\/retouchteam.com\/es\/wp-json\/wp\/v2\/pages\/7160\/revisions\/7274"}],"wp:attachment":[{"href":"https:\/\/retouchteam.com\/es\/wp-json\/wp\/v2\/media?parent=7160"}],"curies":[{"name":"wp","href":"https:\/\/api.w.org\/{rel}","templated":true}]}}