{"id":7156,"date":"2020-11-19T16:42:11","date_gmt":"2020-11-19T16:42:11","guid":{"rendered":"https:\/\/retouchteam.com\/retouch-team\/"},"modified":"2020-12-09T16:09:11","modified_gmt":"2020-12-09T16:09:11","slug":"informacion","status":"publish","type":"page","link":"https:\/\/retouchteam.com\/es\/informacion\/","title":{"rendered":"Informaci\u00f3n"},"content":{"rendered":"<div class=\"wpb-content-wrapper\"><p>[vc_row][vc_column width=\u00bb2\/3&#8243; offset=\u00bbvc_col-sm-offset-2&#8243; css=\u00bb.vc_custom_1607511395575{padding-top: 30px !important;padding-right: 30px !important;padding-left: 30px !important;}\u00bb][vc_column_text]<\/p>\n<p class=\"font-rt\" style=\"font-size: 24px; color: #1d1d1d; line-height: 32px !important;\">Cada proyecto es diferente y por tanto tambi\u00e9n nuestro enfoque.<br \/>\nTrabajamos en estrecha colaboraci\u00f3n con todos nuestros clientes para producir im\u00e1genes de alto nivel. Trabajamos con grandes fot\u00f3grafos, empresas de alta costura, agencias de publicidad y tambi\u00e9n con la industria cinematogr\u00e1fica.<br \/>\nEstamos abiertos a proyectos grandes o peque\u00f1os y felices de apoyar a futuros fot\u00f3grafos y artistas.<\/p>\n<p>[\/vc_column_text][vc_empty_space height=\u00bb40px\u00bb][vc_row_inner][vc_column_inner width=\u00bb1\/2&#8243;][\/vc_column_inner][vc_column_inner width=\u00bb1\/2&#8243;][vc_column_text]<\/p>\n<h3 style=\"text-align: right;\">Servicios<\/h3>\n<hr style=\"height: 3px; border: none; color: #1d1d1d; background-color: #1d1d1d;\" \/>\n<p class=\"font-rt\" style=\"text-align: right; color: #1d1d1d;\">Retoque remoto y en el set<br \/>\nDigital operator<\/p>\n<p>[\/vc_column_text][\/vc_column_inner][\/vc_row_inner][vc_row_inner][vc_column_inner width=\u00bb1\/2&#8243;][vc_empty_space height=\u00bb20px\u00bb][vc_column_text]<\/p>\n<h3>Contacto<\/h3>\n<p><a class=\"font-rt\" style=\"color: #1d1d1d;\" href=\"mailto:info@retouchteam.com\">info@retouchteam.com<\/a><br \/>\n<a class=\"font-rt\" style=\"color: #1d1d1d;\" href=\"tel:447785339963\">+44 7785339963<\/a>[\/vc_column_text][vc_column_text]<\/p>\n<hr style=\"height: 3px; border: none; color: #1d1d1d; background-color: #1d1d1d;\" \/>\n<p>[\/vc_column_text][vc_empty_space height=\u00bb20px\u00bb]\n    <span class=\"edgtf-icon-shortcode normal edgtf-icon-tiny\"  data-hover-color=\"rgba(0,0,0,0.5)\">\n                    <a href=\"https:\/\/www.instagram.com\/retouchteam\/\" target=\"_blank\" >\n        \n        <i class=\"edgtf-icon-font-awesome fa fa-instagram edgtf-icon-element\" style=\"\" ><\/i>\n                    <\/a>\n            <\/span>\n\n\n    <span class=\"edgtf-icon-shortcode normal edgtf-icon-tiny\" style=\"margin: 0 0 0 20px\" data-hover-color=\"rgba(0,0,0,0.5)\">\n                    <a href=\"https:\/\/www.behance.net\" target=\"_blank\" >\n        \n        <i class=\"edgtf-icon-font-awesome fa fa-behance edgtf-icon-element\" style=\"\" ><\/i>\n                    <\/a>\n            <\/span>\n\n\n    <span class=\"edgtf-icon-shortcode normal edgtf-icon-tiny\" style=\"margin: 0 0 0 20px\" data-hover-color=\"rgba(0,0,0,0.5)\">\n                    <a href=\"https:\/\/www.linkedin.com\/company\/retouch-team-ltd\" target=\"_blank\" >\n        \n        <i class=\"edgtf-icon-font-awesome fa fa-linkedin edgtf-icon-element\" style=\"\" ><\/i>\n                    <\/a>\n            <\/span>\n\n[\/vc_column_inner][vc_column_inner width=\u00bb1\/2&#8243;][\/vc_column_inner][\/vc_row_inner][\/vc_column][\/vc_row]<\/p>\n<\/div>","protected":false},"excerpt":{"rendered":"<p>[vc_row][vc_column width=\u00bb2\/3&#8243; offset=\u00bbvc_col-sm-offset-2&#8243; css=\u00bb.vc_custom_1607511395575{padding-top: 30px !important;padding-right: 30px !important;padding-left: 30px !important;}\u00bb][vc_column_text] Cada proyecto es diferente y por tanto tambi\u00e9n nuestro enfoque. Trabajamos en estrecha colaboraci\u00f3n con todos nuestros clientes para producir im\u00e1genes de alto nivel. Trabajamos con grandes fot\u00f3grafos, empresas de alta costura, agencias de publicidad&#8230;<\/p>\n","protected":false},"author":2,"featured_media":0,"parent":0,"menu_order":0,"comment_status":"closed","ping_status":"closed","template":"","meta":{"footnotes":""},"class_list":["post-7156","page","type-page","status-publish","hentry"],"yoast_head":"<!-- This site is optimized with the Yoast SEO plugin v27.1.1 - https:\/\/yoast.com\/product\/yoast-seo-wordpress\/ -->\n<title>Retoque remoto, Retoque en set y asesoramiento, y digital operator<\/title>\n<meta name=\"description\" content=\"Retouch Team somos un equipo de retoque fotogr\u00e1fico remoto, retoque en set y asesoramiento, y digital operator en Londres, trabajando para todo el mundo.\" \/>\n<meta name=\"robots\" content=\"index, follow, max-snippet:-1, max-image-preview:large, max-video-preview:-1\" \/>\n<link rel=\"canonical\" href=\"https:\/\/retouchteam.com\/es\/informacion\/\" \/>\n<meta property=\"og:locale\" content=\"es_ES\" \/>\n<meta property=\"og:type\" content=\"article\" \/>\n<meta property=\"og:title\" content=\"Retoque remoto, Retoque en set y asesoramiento, y digital operator\" \/>\n<meta property=\"og:description\" content=\"Retouch Team somos un equipo de retoque fotogr\u00e1fico remoto, retoque en set y asesoramiento, y digital operator en Londres, trabajando para todo el mundo.\" \/>\n<meta property=\"og:url\" content=\"https:\/\/retouchteam.com\/es\/informacion\/\" \/>\n<meta property=\"og:site_name\" content=\"RetouchTeam\" \/>\n<meta property=\"article:modified_time\" content=\"2020-12-09T16:09:11+00:00\" \/>\n<meta name=\"twitter:card\" content=\"summary_large_image\" \/>\n<meta name=\"twitter:label1\" content=\"Tiempo de lectura\" \/>\n\t<meta name=\"twitter:data1\" content=\"1 minuto\" \/>\n<script type=\"application\/ld+json\" class=\"yoast-schema-graph\">{\"@context\":\"https:\/\/schema.org\",\"@graph\":[{\"@type\":\"WebPage\",\"@id\":\"https:\/\/retouchteam.com\/es\/informacion\/\",\"url\":\"https:\/\/retouchteam.com\/es\/informacion\/\",\"name\":\"Retoque remoto, Retoque en set y asesoramiento, y digital operator\",\"isPartOf\":{\"@id\":\"https:\/\/retouchteam.com\/#website\"},\"datePublished\":\"2020-11-19T16:42:11+00:00\",\"dateModified\":\"2020-12-09T16:09:11+00:00\",\"description\":\"Retouch Team somos un equipo de retoque fotogr\u00e1fico remoto, retoque en set y asesoramiento, y digital operator en Londres, trabajando para todo el mundo.\",\"breadcrumb\":{\"@id\":\"https:\/\/retouchteam.com\/es\/informacion\/#breadcrumb\"},\"inLanguage\":\"es\",\"potentialAction\":[{\"@type\":\"ReadAction\",\"target\":[\"https:\/\/retouchteam.com\/es\/informacion\/\"]}]},{\"@type\":\"BreadcrumbList\",\"@id\":\"https:\/\/retouchteam.com\/es\/informacion\/#breadcrumb\",\"itemListElement\":[{\"@type\":\"ListItem\",\"position\":1,\"name\":\"Portada\",\"item\":\"https:\/\/retouchteam.com\/es\/\"},{\"@type\":\"ListItem\",\"position\":2,\"name\":\"Informaci\u00f3n\"}]},{\"@type\":\"WebSite\",\"@id\":\"https:\/\/retouchteam.com\/#website\",\"url\":\"https:\/\/retouchteam.com\/\",\"name\":\"RetouchTeam\",\"description\":\"Postproduction Services\",\"publisher\":{\"@id\":\"https:\/\/retouchteam.com\/#organization\"},\"potentialAction\":[{\"@type\":\"SearchAction\",\"target\":{\"@type\":\"EntryPoint\",\"urlTemplate\":\"https:\/\/retouchteam.com\/?s={search_term_string}\"},\"query-input\":{\"@type\":\"PropertyValueSpecification\",\"valueRequired\":true,\"valueName\":\"search_term_string\"}}],\"inLanguage\":\"es\"},{\"@type\":\"Organization\",\"@id\":\"https:\/\/retouchteam.com\/#organization\",\"name\":\"Retouch Team\",\"url\":\"https:\/\/retouchteam.com\/\",\"logo\":{\"@type\":\"ImageObject\",\"inLanguage\":\"es\",\"@id\":\"https:\/\/retouchteam.com\/#\/schema\/logo\/image\/\",\"url\":\"https:\/\/retouchteam.com\/wp-content\/uploads\/2020\/11\/favicon.png\",\"contentUrl\":\"https:\/\/retouchteam.com\/wp-content\/uploads\/2020\/11\/favicon.png\",\"width\":512,\"height\":512,\"caption\":\"Retouch Team\"},\"image\":{\"@id\":\"https:\/\/retouchteam.com\/#\/schema\/logo\/image\/\"}}]}<\/script>\n<!-- \/ Yoast SEO plugin. -->","yoast_head_json":{"title":"Retoque remoto, Retoque en set y asesoramiento, y digital operator","description":"Retouch Team somos un equipo de retoque fotogr\u00e1fico remoto, retoque en set y asesoramiento, y digital operator en Londres, trabajando para todo el mundo.","robots":{"index":"index","follow":"follow","max-snippet":"max-snippet:-1","max-image-preview":"max-image-preview:large","max-video-preview":"max-video-preview:-1"},"canonical":"https:\/\/retouchteam.com\/es\/informacion\/","og_locale":"es_ES","og_type":"article","og_title":"Retoque remoto, Retoque en set y asesoramiento, y digital operator","og_description":"Retouch Team somos un equipo de retoque fotogr\u00e1fico remoto, retoque en set y asesoramiento, y digital operator en Londres, trabajando para todo el mundo.","og_url":"https:\/\/retouchteam.com\/es\/informacion\/","og_site_name":"RetouchTeam","article_modified_time":"2020-12-09T16:09:11+00:00","twitter_card":"summary_large_image","twitter_misc":{"Tiempo de lectura":"1 minuto"},"schema":{"@context":"https:\/\/schema.org","@graph":[{"@type":"WebPage","@id":"https:\/\/retouchteam.com\/es\/informacion\/","url":"https:\/\/retouchteam.com\/es\/informacion\/","name":"Retoque remoto, Retoque en set y asesoramiento, y digital operator","isPartOf":{"@id":"https:\/\/retouchteam.com\/#website"},"datePublished":"2020-11-19T16:42:11+00:00","dateModified":"2020-12-09T16:09:11+00:00","description":"Retouch Team somos un equipo de retoque fotogr\u00e1fico remoto, retoque en set y asesoramiento, y digital operator en Londres, trabajando para todo el mundo.","breadcrumb":{"@id":"https:\/\/retouchteam.com\/es\/informacion\/#breadcrumb"},"inLanguage":"es","potentialAction":[{"@type":"ReadAction","target":["https:\/\/retouchteam.com\/es\/informacion\/"]}]},{"@type":"BreadcrumbList","@id":"https:\/\/retouchteam.com\/es\/informacion\/#breadcrumb","itemListElement":[{"@type":"ListItem","position":1,"name":"Portada","item":"https:\/\/retouchteam.com\/es\/"},{"@type":"ListItem","position":2,"name":"Informaci\u00f3n"}]},{"@type":"WebSite","@id":"https:\/\/retouchteam.com\/#website","url":"https:\/\/retouchteam.com\/","name":"RetouchTeam","description":"Postproduction Services","publisher":{"@id":"https:\/\/retouchteam.com\/#organization"},"potentialAction":[{"@type":"SearchAction","target":{"@type":"EntryPoint","urlTemplate":"https:\/\/retouchteam.com\/?s={search_term_string}"},"query-input":{"@type":"PropertyValueSpecification","valueRequired":true,"valueName":"search_term_string"}}],"inLanguage":"es"},{"@type":"Organization","@id":"https:\/\/retouchteam.com\/#organization","name":"Retouch Team","url":"https:\/\/retouchteam.com\/","logo":{"@type":"ImageObject","inLanguage":"es","@id":"https:\/\/retouchteam.com\/#\/schema\/logo\/image\/","url":"https:\/\/retouchteam.com\/wp-content\/uploads\/2020\/11\/favicon.png","contentUrl":"https:\/\/retouchteam.com\/wp-content\/uploads\/2020\/11\/favicon.png","width":512,"height":512,"caption":"Retouch Team"},"image":{"@id":"https:\/\/retouchteam.com\/#\/schema\/logo\/image\/"}}]}},"_links":{"self":[{"href":"https:\/\/retouchteam.com\/es\/wp-json\/wp\/v2\/pages\/7156","targetHints":{"allow":["GET"]}}],"collection":[{"href":"https:\/\/retouchteam.com\/es\/wp-json\/wp\/v2\/pages"}],"about":[{"href":"https:\/\/retouchteam.com\/es\/wp-json\/wp\/v2\/types\/page"}],"author":[{"embeddable":true,"href":"https:\/\/retouchteam.com\/es\/wp-json\/wp\/v2\/users\/2"}],"replies":[{"embeddable":true,"href":"https:\/\/retouchteam.com\/es\/wp-json\/wp\/v2\/comments?post=7156"}],"version-history":[{"count":13,"href":"https:\/\/retouchteam.com\/es\/wp-json\/wp\/v2\/pages\/7156\/revisions"}],"predecessor-version":[{"id":7239,"href":"https:\/\/retouchteam.com\/es\/wp-json\/wp\/v2\/pages\/7156\/revisions\/7239"}],"wp:attachment":[{"href":"https:\/\/retouchteam.com\/es\/wp-json\/wp\/v2\/media?parent=7156"}],"curies":[{"name":"wp","href":"https:\/\/api.w.org\/{rel}","templated":true}]}}